{"id":720,"date":"2025-08-13T09:29:41","date_gmt":"2025-08-13T09:29:41","guid":{"rendered":"https:\/\/bike.travelblox.eu\/?page_id=720"},"modified":"2026-04-15T17:06:09","modified_gmt":"2026-04-15T17:06:09","slug":"faq","status":"publish","type":"page","link":"https:\/\/bike.travelblox.eu\/fr\/faq\/","title":{"rendered":"FAQ"},"content":{"rendered":"<div class=\"tb-header tb-block align-center background-dark pattern-none variant-none\" id=\"header\" data-fallback-background=\"https:\/\/bike.travelblox.eu\/wp-content\/uploads\/sites\/118\/2025\/08\/Bike25_NikkiLucyPhotography_websize509-2.jpg\" style=\"background-image: url('https:\/\/bike.travelblox.eu\/wp-content\/uploads\/sites\/118\/2025\/08\/Bike25_NikkiLucyPhotography_websize509-2.jpg'); background-position:;\">\n    <div class=\"tb-header-foreground\">\n        <div class=\"inner-block\">\n\n            <div class=\"main-part\">\n                <div class=\"text-part\">\n                                                                <h1 class=\"tb-title\">FAQ<\/h1>\n                                                                <h2 class=\"tb-subtitle\">\t\t<div class=\"translation-block\"><p>Questions fr\u00e9quentes<\/p><\/div>\n\t<\/h2>\n                                                                                                                                <div class=\"tb-buttons-part\">\n                                                            \t\t<a href=\"https:\/\/travelbase.typeform.com\/to\/Pjgkp5nX\"  target=\"_blank\" data-mode=\"popup\" data-url=\"https:\/\/travelbase.typeform.com\/to\/Pjgkp5nX\" class=\"tb-button typeform-share\">\n\t\t\tLISTE D'ATTENTE\t\t<\/a>\n\t\t\t\t\t<script>\n\t\t\t\t(function() {\n\t\t\t\t\tvar qs, js, q, s, d = document,\n\t\t\t\t\t\tgi = d.getElementById,\n\t\t\t\t\t\tce = d.createElement,\n\t\t\t\t\t\tgt = d.getElementsByTagName,\n\t\t\t\t\t\tid = \"typef_orm_share\",\n\t\t\t\t\t\tb = \"https:\/\/embed.typeform.com\/\";\n\t\t\t\t\tif (!gi.call(d, id)) {\n\t\t\t\t\t\tjs = ce.call(d, \"script\");\n\t\t\t\t\t\tjs.id = id;\n\t\t\t\t\t\tjs.src = b + \"embed.js\";\n\t\t\t\t\t\tq = gt.call(d, \"script\")[0];\n\t\t\t\t\t\tq.parentNode.insertBefore(js, q);\n\t\t\t\t\t}\n\t\t\t\t})();\n\t\t\t<\/script>\n\t\t                                                                                <\/div>\n                                                        <\/div>\n            <\/div>\n            \n                    <\/div>\n    <\/div>\n\n    \n    \n        <nav class=\"tb-header__subnav\">\n            <div class=\"inner-block\">\n                <div class=\"tb-header__pagename\">\n                    FAQ                <\/div>\n\n                <ul>\n                                            <li>\n                            <a href=\"#Praktisch\">Pratique<\/a>\n                        <\/li>\n\n                                            <li>\n                            <a href=\"#verblijf\">S\u00e9jour<\/a>\n                        <\/li>\n\n                                            <li>\n                            <a href=\"#routes\">Routes<\/a>\n                        <\/li>\n\n                                            <li>\n                            <a href=\"#betalingen\">Paiements &amp; Assurances<\/a>\n                        <\/li>\n\n                    \n                                                <li class=\"tb-header__subnav_cta\">\n                                <a href=\"https:\/\/travelbase.typeform.com\/to\/Pjgkp5nX\" class=\"tb-button\" >PR\u00c9INSCRIPTION<\/a>\n                            <\/li>\n                                    <\/ul>\n            <\/div>\n        <\/nav>\n\n    \n<\/div>\n\n\n<div class=\"hide-some tb-faq tb-block align-center background-light pattern-none variant-none tb-collapsible-margins\" id=\"Praktisch\">\n\t<div class=\"inner-block tb-fade-in tb-fade-in--subtle\">\n\t\t<div class=\"text-part\">\n\t\t\t<h2>Pratique<\/h2>\n\t\t\t\t\t<div class=\"translation-block\"><\/div>\n\t\t\t<\/div>\n\t<\/div>\n\t<div class=\"inner-block\">\n\n\t\t\t\t\t<div class=\"faq-list tb-accordion tb-accordion--animation\">\n\t\t\t\t\t\t\t\t\t<details class=\"details\">\n\t\t\t\t\t\t<summary class=\"summary\"><div>Combien \u00e7a co\u00fbte?<\/div><\/summary>\n\t\t\t\t\t\t<div class=\"content text-part\">\n\t\t\t\t\t\t\t\t\t<div class=\"translation-block\"><p>Le<strong>&nbsp;prix d'inscription<\/strong> est de <strong>225 \u20ac<\/strong> par personne <strong>(R\u00e9duction Derailleur)<\/strong>.<\/p>\n<p>Inclus :<\/p>\n<ul>\n<li>Ravitaillement en cours de route<\/li>\n<li>Pack de navigation : coordonn\u00e9es GPS, roadbook d\u00e9taill\u00e9<\/li>\n<li>Soutien logistique pendant le voyage &amp; assistance en cas de panne<\/li>\n<li>Lavage de v\u00e9lo<\/li>\n<li>Num\u00e9ro d'urgence 24\/7<\/li>\n<li>Programme du soir au &#8216;Caf\u00e9 Bidon&#8217;<\/li>\n<li>D\u00e9fis en cours de route<\/li>\n<\/ul>\n<p>Voici ce que vous pouvez ajouter :<\/p>\n<ul>\n<li>Pack de nourriture pour v\u00e9lo (petit d\u00e9jeuner et d\u00eener) &#8211; (<strong>49 \u20ac<\/strong>)<\/li>\n<li>Emplacement pour caravane\/camper &#8211; (<strong>50 \u20ac<\/strong>)<\/li>\n<li>Emplacement pour mobil-home &#8211; (<strong>60 \u20ac<\/strong>)<\/li>\n<li>Emplacement pour mobil-home +7m &#8211; (<strong>65 \u20ac<\/strong>)<\/li>\n<li>Massage d'environ 15 min &#8211; (<strong>22 \u20ac<\/strong>)<\/li>\n<li>Rassemblement pour camping, caravane ou mobil-home (incl. petit d\u00e9jeuner vendredi matin) &#8211; (<strong>29 \u20ac<\/strong>)<\/li>\n<li>Rassemblement pour lodge ou bungalow (incl. petit d\u00e9jeuner vendredi matin) &#8211; (<strong>3 \u20ac<\/strong>)<\/li>\n<li><a href=\"https:\/\/static.travelbase.eu\/u\/source\/cancellation\/summer\/conditions-nl.pdf\">Assurance annulation<\/a> &#8211; 39 euros<\/li>\n<li><a href=\"https:\/\/account.travelbase.eu\/nl\/travelinsurance\">Assurance assistance voyage<\/a> &#8211; 25 euros<\/li>\n<\/ul><\/div>\n\t\t\t\t\t\t\t<\/div>\n\t\t\t\t\t<\/details>\n\t\t\t\t\t\t\t\t\t<details class=\"details\">\n\t\t\t\t\t\t<summary class=\"summary\"><div>Comment puis-je m'inscrire?<\/div><\/summary>\n\t\t\t\t\t\t<div class=\"content text-part\">\n\t\t\t\t\t\t\t\t\t<div class=\"translation-block\"><p>The Bike Trophy 2026 est complet.<\/p>\n<ul>\n<li>Pour participer \u00e0 The Bike Trophy, vous devez avoir au moins 18 ans au moment de l'\u00e9v\u00e9nement ou \u00eatre accompagn\u00e9 d'un adulte.<\/li>\n<li>La participation se fait seul ou en \u00e9quipe de maximum 30 personnes.<\/li>\n<li>Une personne par \u00e9quipe s'inscrit et cr\u00e9e une \u00e9quipe. Il\/elle recevra ensuite un lien de groupe pour que les autres puissent rejoindre l'\u00e9quipe. Tout le monde doit donc s'inscrire s\u00e9par\u00e9ment via le lien de groupe.<\/li>\n<li>Vous pouvez encore modifier la taille de votre \u00e9quipe, changer d'\u00e9quipe, vous s\u00e9parer, ajouter des options suppl\u00e9mentaires, etc., jusqu'\u00e0 deux semaines avant le d\u00e9part.<\/li>\n<\/ul><\/div>\n\t\t\t\t\t\t\t<\/div>\n\t\t\t\t\t<\/details>\n\t\t\t\t\t\t\t<\/div>\n\t\t\t\t<div class=\"load-more-faqs-container\">\n\t\t\t<div class=\"load-more-faqs-link\">\n\t\t\t\t<a href=\"#\" class=\"tb-buttonlink-with-icon load-more\">\n\t\t\t\t\t<span>Afficher plus de FAQ<\/span>\n\t\t\t\t\t<i class=\"icon fa fa-plus\"><\/i>\n\t\t\t\t<\/a>\n\t\t\t\t<a href=\"#\" class=\"tb-buttonlink-with-icon load-less\">\n\t\t\t\t\t<span>Afficher moins de FAQ<\/span>\n\t\t\t\t\t<i class=\"icon fa fa-minus\"><\/i>\n\t\t\t\t<\/a>\n\t\t\t<\/div>\n\t\t<\/div>\n\t<\/div>\n\t<\/div>\n\n\n<div class=\"hide-some tb-faq tb-block align-center background-dark pattern-none variant-none tb-collapsible-margins\" id=\"verblijf\">\n\t<div class=\"inner-block tb-fade-in tb-fade-in--subtle\">\n\t\t<div class=\"text-part\">\n\t\t\t<h2>S\u00e9jour<\/h2>\n\t\t\t\t\t<div class=\"translation-block\"><\/div>\n\t\t\t<\/div>\n\t<\/div>\n\t<div class=\"inner-block\">\n\n\t\t\t\t\t<div class=\"faq-list tb-accordion tb-accordion--animation two-col\">\n\t\t\t\t\t\t\t\t\t<details class=\"details\">\n\t\t\t\t\t\t<summary class=\"summary\"><div>Dans quel type d'h\u00e9bergement allons-nous s\u00e9journer?<\/div><\/summary>\n\t\t\t\t\t\t<div class=\"content text-part\">\n\t\t\t\t\t\t\t\t\t<div class=\"translation-block\"><p>Nous s\u00e9journons dans un joli camping pr\u00e8s de <strong>La Roche-en-Ardenne<\/strong>, au c\u0153ur des Ardennes, <strong>avec piscine, toutes les installations sanitaires n\u00e9cessaires et un bar convivial<\/strong>.<\/p>\n<p>Vous pouvez passer la nuit<\/p>\n<ul>\n<li>dans votre propre tente, caravane ou camping-car<\/li>\n<li>dans une lodge (tente de glamping)<\/li>\n<li>dans un bungalow<\/li>\n<\/ul>\n<p>D\u00e9couvrez toutes les infos sur &#8216;<a href=\"http:\/\/www.thebiketrophy.com\/#acco\">h\u00e9bergements<\/a>&#8216;.<\/p><\/div>\n\t\t\t\t\t\t\t<\/div>\n\t\t\t\t\t<\/details>\n\t\t\t\t\t\t\t\t\t<details class=\"details\">\n\t\t\t\t\t\t<summary class=\"summary\"><div>Y a-t-il des serviettes et des draps disponibles?<\/div><\/summary>\n\t\t\t\t\t\t<div class=\"content text-part\">\n\t\t\t\t\t\t\t\t\t<div class=\"translation-block\"><p>Si tu as r\u00e9serv\u00e9 un lodge ou un bungalow par notre interm\u00e9diaire, alors <strong>les serviettes et le linge de lit sont inclus<\/strong>. Il est conseill\u00e9 d'apporter une serviette de bain suppl\u00e9mentaire pour la piscine.<\/p><\/div>\n\t\t\t\t\t\t\t<\/div>\n\t\t\t\t\t<\/details>\n\t\t\t\t\t\t\t\t\t<details class=\"details\">\n\t\t\t\t\t\t<summary class=\"summary\"><div>Qu'est-ce qu'on mange?<\/div><\/summary>\n\t\t\t\t\t\t<div class=\"content text-part\">\n\t\t\t\t\t\t\t\t\t<div class=\"translation-block\"><ul>\n<li><strong>Forfait Nourriture V\u00e9lo<\/strong> : Pour 49 \u20ac par personne, vous aurez droit \u00e0 2 petits d\u00e9jeuners d\u00e9licieux et 2 d\u00eeners.<\/li>\n<li>Nous proposons \u00e9galement des options v\u00e9g\u00e9tariennes.<\/li>\n<li>Vous \u00eates \u00e9galement libre d'apporter votre propre nourriture.<\/li>\n<\/ul><\/div>\n\t\t\t\t\t\t\t<\/div>\n\t\t\t\t\t<\/details>\n\t\t\t\t\t\t\t\t\t<details class=\"details\">\n\t\t\t\t\t\t<summary class=\"summary\"><div>Puis-je venir jeudi soir?<\/div><\/summary>\n\t\t\t\t\t\t<div class=\"content text-part\">\n\t\t\t\t\t\t\t\t\t<div class=\"translation-block\"><p><strong>The Bike Gathering<\/strong><\/p>\n<p>Tu souhaites t'enregistrer un soir plus t\u00f4t et passer la nuit sur notre Bike Trophy ? C'est possible ! Ainsi, tu seras directement sur le lieu de d\u00e9part vendredi matin et tu pourras profiter d'un buffet de petit-d\u00e9jeuner suppl\u00e9mentaire.<\/p>\n<p>Bike Gathering pour les campeurs, caravanes ou camping-cars \u2013 24 euros<br \/>Bike Gathering pour les clients de lodge ou bungalow \u2013 34 euros<\/p>\n<p>Cela peut \u00eatre r\u00e9serv\u00e9 par personne et n'est pas li\u00e9 \u00e0 une \u00e9quipe.<\/p><\/div>\n\t\t\t\t\t\t\t<\/div>\n\t\t\t\t\t<\/details>\n\t\t\t\t\t\t\t\t\t<details class=\"details\">\n\t\t\t\t\t\t<summary class=\"summary\"><div>Y a-t-il des prises \u00e9lectriques disponibles?<\/div><\/summary>\n\t\t\t\t\t\t<div class=\"content text-part\">\n\t\t\t\t\t\t\t\t\t<div class=\"translation-block\"><p>Dans notre Bike Village, il y a plusieurs points de recharge disponibles. Tout le monde s\u00e9journant dans une <strong>Lodge ou Bungalow<\/strong> dispose de ses propres prises \u00e9lectriques.<\/p>\n<p>Les personnes s\u00e9journant au <strong>Bike Camping<\/strong> ont 1 point de recharge par emplacement. Il est donc pr\u00e9f\u00e9rable d'apporter une multiprise et un c\u00e2ble de rallonge.<\/p><\/div>\n\t\t\t\t\t\t\t<\/div>\n\t\t\t\t\t<\/details>\n\t\t\t\t\t\t\t\t\t<details class=\"details\">\n\t\t\t\t\t\t<summary class=\"summary\"><div>Qu'en est-il du parking?<\/div><\/summary>\n\t\t\t\t\t\t<div class=\"content text-part\">\n\t\t\t\t\t\t\t\t\t<div class=\"translation-block\"><p>Chaque h\u00e9bergement (lodge, bungalow, emplacement de camping) dispose d'une place de parking. Nous vous conseillons donc de faire du covoiturage autant que possible, les voitures suppl\u00e9mentaires doivent se garer sur le parking \u00e0 l'entr\u00e9e du camping ou dans la r\u00e9gion environnante.<\/p>\n<p>Aucune place de parking suppl\u00e9mentaire ne peut \u00eatre achet\u00e9e sur notre Bike Village.<\/p><\/div>\n\t\t\t\t\t\t\t<\/div>\n\t\t\t\t\t<\/details>\n\t\t\t\t\t\t\t<\/div>\n\t\t\t\t<div class=\"load-more-faqs-container\">\n\t\t\t<div class=\"load-more-faqs-link\">\n\t\t\t\t<a href=\"#\" class=\"tb-buttonlink-with-icon load-more\">\n\t\t\t\t\t<span>Afficher plus de FAQ<\/span>\n\t\t\t\t\t<i class=\"icon fa fa-plus\"><\/i>\n\t\t\t\t<\/a>\n\t\t\t\t<a href=\"#\" class=\"tb-buttonlink-with-icon load-less\">\n\t\t\t\t\t<span>Afficher moins de FAQ<\/span>\n\t\t\t\t\t<i class=\"icon fa fa-minus\"><\/i>\n\t\t\t\t<\/a>\n\t\t\t<\/div>\n\t\t<\/div>\n\t<\/div>\n\t<\/div>\n\n\n<div class=\"hide-some tb-faq tb-block align-center background-light pattern-none variant-none tb-collapsible-margins\" id=\"routes\">\n\t<div class=\"inner-block tb-fade-in tb-fade-in--subtle\">\n\t\t<div class=\"text-part\">\n\t\t\t<h2>Routes<\/h2>\n\t\t\t\t\t<div class=\"translation-block\"><\/div>\n\t\t\t<\/div>\n\t<\/div>\n\t<div class=\"inner-block\">\n\n\t\t\t\t\t<div class=\"faq-list tb-accordion tb-accordion--animation two-col\">\n\t\t\t\t\t\t\t\t\t<details class=\"details\">\n\t\t\t\t\t\t<summary class=\"summary\"><div>\u00c0 quel niveau de forme physique dois-je \u00eatre?<\/div><\/summary>\n\t\t\t\t\t\t<div class=\"content text-part\">\n\t\t\t\t\t\t\t\t\t<div class=\"translation-block\"><p>Le Bike Trophy est <strong>une aventure pour tous<\/strong>, peu importe ton exp\u00e9rience. Que tu sois un cycliste de montagne d\u00e9butant ou que tu aies d\u00e9j\u00e0 parcouru de nombreux kilom\u00e8tres, nous avons des d\u00e9fis pour chaque niveau.<\/p><\/div>\n\t\t\t\t\t\t\t<\/div>\n\t\t\t\t\t<\/details>\n\t\t\t\t\t\t\t\t\t<details class=\"details\">\n\t\t\t\t\t\t<summary class=\"summary\"><div>Combien de kilom\u00e8tres vais-je parcourir?<\/div><\/summary>\n\t\t\t\t\t\t<div class=\"content text-part\">\n\t\t\t\t\t\t\t\t\t<div class=\"translation-block\"><p>Nos itin\u00e9raires varient entre 50 et 70 kilom\u00e8tres par jour. Vous avez toujours le choix entre :<\/p>\n<ul>\n<li><strong>Itin\u00e9raire MTB moyen<\/strong> : sp\u00e9cialement con\u00e7u pour les d\u00e9butants en VTT ou pour ceux qui ont un peu d'exp\u00e9rience. (+\/- 50 \u2013 60 km)<\/li>\n<li><strong>Itin\u00e9raire MTB difficile<\/strong> : un parcours pour les passionn\u00e9s et les cyclistes ayant d\u00e9j\u00e0 pas mal d'exp\u00e9rience (pas pour les \u00e2mes sensibles). (+\/- 60 \u2013 70 km)<\/li>\n<li><strong>Itin\u00e9raire Gravel<\/strong> : Un parcours dynamique pour tous les Gravel Bikers. (+\/- 70 km)<\/li>\n<\/ul><\/div>\n\t\t\t\t\t\t\t<\/div>\n\t\t\t\t\t<\/details>\n\t\t\t\t\t\t\t\t\t<details class=\"details\">\n\t\t\t\t\t\t<summary class=\"summary\"><div>Y a-t-il des ravitaillements en cours de route?<\/div><\/summary>\n\t\t\t\t\t\t<div class=\"content text-part\">\n\t\t\t\t\t\t\t\t\t<div class=\"translation-block\"><p>Vous passerez \u00e0 chaque parcours par un point de ravitaillement. Ici, vous pourrez recharger vos batteries.<\/p>\n<ul>\n<li>MTB-moyen : vous pourrez profiter de <strong>2 ravitaillements<\/strong>.<\/li>\n<li>MTB-difficile : vous pourrez profiter de <strong>2 ravitaillements<\/strong>.<\/li>\n<li>Gravel : vous pourrez profiter de <strong>1 ravitaillement<\/strong>.<\/li>\n<\/ul>\n<p>\u00c0 votre retour dans notre Bike Village, un <strong>Recovery Stand<\/strong> sera \u00e0 votre disposition pour vous aider \u00e0 retrouver votre \u00e9nergie positive et recharger vos batteries.<\/p><\/div>\n\t\t\t\t\t\t\t<\/div>\n\t\t\t\t\t<\/details>\n\t\t\t\t\t\t\t\t\t<details class=\"details\">\n\t\t\t\t\t\t<summary class=\"summary\"><div>Y a-t-il une assistance d\u00e9pannage pr\u00e9vue?<\/div><\/summary>\n\t\t\t\t\t\t<div class=\"content text-part\">\n\t\t\t\t\t\t\t\t\t<div class=\"translation-block\"><p>Nous pr\u00e9voyons une assistance technique en cas de panne. Nos techniciens feront de leur mieux pour remettre votre v\u00e9lo en \u00e9tat, mais si quelque chose est d\u00e9finitivement cass\u00e9, ils ne pourront pas faire grand-chose sur place.<\/p>\n<p>Il est donc essentiel que votre v\u00e9lo soit <strong>en bon \u00e9tat technique<\/strong> au d\u00e9part. <strong>Si vous avez une crevaison, vous devez \u00eatre capable de r\u00e9parer votre pneu vous-m\u00eame.<\/strong><\/p>\n<p>Assurez-vous que votre v\u00e9lo respecte les conditions suivantes :<\/p>\n<ul>\n<li>Les freins doivent fonctionner correctement et bloquer la roue efficacement lorsqu'ils sont compl\u00e8tement enfonc\u00e9s.<\/li>\n<li>Pas de jeu dans les axes. Si vos axes ont du jeu, cela signifie que vos roulements sont us\u00e9s. Votre roue peut alors se bloquer soudainement, ce qui est tr\u00e8s dangereux en descente.<\/li>\n<li>V\u00e9rifiez que vous avez les bons pneus. Vos pneus ont-ils un bon profil?<\/li>\n<li>Inspectez vos c\u00e2bles de v\u00e9lo. Assurez-vous qu'il n'y a pas d'usure ou de zones ouvertes.<\/li>\n<li>Assurez-vous que votre cha\u00eene est en parfait \u00e9tat.<\/li>\n<li>V\u00e9rifiez la cassette et le p\u00e9dalier. Que dire des pignons? Assurez-vous que l'ensemble du groupe fonctionne bien et est bien lubrifi\u00e9.<\/li>\n<\/ul>\n<p>L'<strong>assistance d\u00e9pannage<\/strong> est rendue possible par <strong>Caf\u00e9 Vitesse.<\/strong><\/p><\/div>\n\t\t\t\t\t\t\t<\/div>\n\t\t\t\t\t<\/details>\n\t\t\t\t\t\t\t\t\t<details class=\"details\">\n\t\t\t\t\t\t<summary class=\"summary\"><div>Quel v\u00e9lo est adapt\u00e9?<\/div><\/summary>\n\t\t\t\t\t\t<div class=\"content text-part\">\n\t\t\t\t\t\t\t\t\t<div class=\"translation-block\"><p>Le Bike Trophy est destin\u00e9 aux <strong>cyclistes de gravel et de montagne<\/strong>. Tous les types de v\u00e9los sont les bienvenus, tant qu'ils respectent les normes de s\u00e9curit\u00e9 (plus d'infos dans \"assistance en cas de panne\") et que les pneus mesurent au moins 32 mm de large.<\/p><\/div>\n\t\t\t\t\t\t\t<\/div>\n\t\t\t\t\t<\/details>\n\t\t\t\t\t\t\t\t\t<details class=\"details\">\n\t\t\t\t\t\t<summary class=\"summary\"><div>Puis-je louer un v\u00e9lo?<\/div><\/summary>\n\t\t\t\t\t\t<div class=\"content text-part\">\n\t\t\t\t\t\t\t\t\t<div class=\"translation-block\"><p>Via The Bike Trophy, nous <strong>ne proposons pas de v\u00e9los \u00e0 la location<\/strong>. Cependant, il y a suffisamment de prestataires en Belgique pour louer un bon VTT ou un gravel bike pour le week-end.<\/p><\/div>\n\t\t\t\t\t\t\t<\/div>\n\t\t\t\t\t<\/details>\n\t\t\t\t\t\t\t<\/div>\n\t\t\t\t<div class=\"load-more-faqs-container\">\n\t\t\t<div class=\"load-more-faqs-link\">\n\t\t\t\t<a href=\"#\" class=\"tb-buttonlink-with-icon load-more\">\n\t\t\t\t\t<span>Afficher plus de FAQ<\/span>\n\t\t\t\t\t<i class=\"icon fa fa-plus\"><\/i>\n\t\t\t\t<\/a>\n\t\t\t\t<a href=\"#\" class=\"tb-buttonlink-with-icon load-less\">\n\t\t\t\t\t<span>Afficher moins de FAQ<\/span>\n\t\t\t\t\t<i class=\"icon fa fa-minus\"><\/i>\n\t\t\t\t<\/a>\n\t\t\t<\/div>\n\t\t<\/div>\n\t<\/div>\n\t<\/div>\n\n\n<div class=\"hide-some tb-faq tb-block align-center background-dark pattern-none variant-none tb-collapsible-margins\" id=\"betalingen\">\n\t<div class=\"inner-block tb-fade-in tb-fade-in--subtle\">\n\t\t<div class=\"text-part\">\n\t\t\t<h2>Paiements &amp; Assurances<\/h2>\n\t\t\t\t\t<div class=\"translation-block\"><\/div>\n\t\t\t<\/div>\n\t<\/div>\n\t<div class=\"inner-block\">\n\n\t\t\t\t\t<div class=\"faq-list tb-accordion tb-accordion--animation\">\n\t\t\t\t\t\t\t\t\t<details class=\"details\">\n\t\t\t\t\t\t<summary class=\"summary\"><div>Quand dois-je payer ma participation?<\/div><\/summary>\n\t\t\t\t\t\t<div class=\"content text-part\">\n\t\t\t\t\t\t\t\t\t<div class=\"translation-block\"><p>Lors de l'inscription, tu paies un <strong>acompte de 100 \u20ac<\/strong> pour r\u00e9server ta place. Le montant total devra \u00eatre r\u00e9gl\u00e9 d'ici le 1er mai 2026.<\/p><\/div>\n\t\t\t\t\t\t\t<\/div>\n\t\t\t\t\t<\/details>\n\t\t\t\t\t\t\t\t\t<details class=\"details\">\n\t\t\t\t\t\t<summary class=\"summary\"><div>Que couvre l'assurance annulation?<\/div><\/summary>\n\t\t\t\t\t\t<div class=\"content text-part\">\n\t\t\t\t\t\t\t\t\t<div class=\"translation-block\"><p>Nous essayons d'\u00eatre aussi flexibles que possible en mati\u00e8re d'annulations, car nous savons qu'il n'est jamais agr\u00e9able de ne pas pouvoir participer, mais c'est encore pire de ne pas pouvoir r\u00e9cup\u00e9rer votre frais d'inscription. Nous conseillons \u00e0 tout le monde de prendre une assurance annulation lors de l'inscription. Ce n'est pas cher et cela peut vous faire \u00e9conomiser beaucoup d'argent.<\/p>\n<p>Vous pouvez d\u00e9j\u00e0 retrouver toutes les conditions d'annulation <a href=\"https:\/\/static.travelbase.eu\/u\/source\/cancellation\/summer\/conditions-nl.pdf\" target=\"_blank\" rel=\"noopener\">ici<\/a>.<\/p><\/div>\n\t\t\t\t\t\t\t<\/div>\n\t\t\t\t\t<\/details>\n\t\t\t\t\t\t\t\t\t<details class=\"details\">\n\t\t\t\t\t\t<summary class=\"summary\"><div>Que couvre l'assurance assistance ?<\/div><\/summary>\n\t\t\t\t\t\t<div class=\"content text-part\">\n\t\t\t\t\t\t\t\t\t<div class=\"translation-block\"><p>Avec notre assurance voyage de&nbsp;<a href=\"https:\/\/account.travelbase.eu\/nl\/travelinsurance\" target=\"_blank\" rel=\"noopener\"><strong>Europ Assistance<\/strong><\/a>&nbsp;, tu es enti\u00e8rement couvert pour les co\u00fbts impr\u00e9vus en cas de panne ou d'accident. Tu peux donc partir l'esprit tranquille, sans te soucier de ce qui pourrait mal tourner.<\/p>\n<ul>\n<li>Assurance voyage Europ Assistance&nbsp;<strong>25\u20ac<\/strong><\/li>\n<\/ul><\/div>\n\t\t\t\t\t\t\t<\/div>\n\t\t\t\t\t<\/details>\n\t\t\t\t\t\t\t<\/div>\n\t\t\t\t<div class=\"load-more-faqs-container\">\n\t\t\t<div class=\"load-more-faqs-link\">\n\t\t\t\t<a href=\"#\" class=\"tb-buttonlink-with-icon load-more\">\n\t\t\t\t\t<span>Afficher plus de FAQ<\/span>\n\t\t\t\t\t<i class=\"icon fa fa-plus\"><\/i>\n\t\t\t\t<\/a>\n\t\t\t\t<a href=\"#\" class=\"tb-buttonlink-with-icon load-less\">\n\t\t\t\t\t<span>Afficher moins de FAQ<\/span>\n\t\t\t\t\t<i class=\"icon fa fa-minus\"><\/i>\n\t\t\t\t<\/a>\n\t\t\t<\/div>\n\t\t<\/div>\n\t<\/div>\n\t\t\t<div class=\"inner-block tb-fade-in tb-fade-in--subtle\">\n\t\t\t<div class=\"faq-footer text-part\">\n\t\t\t\t<h3>Des questions? N'h\u00e9site pas \u00e0 nous envoyer un email ou un message.<\/h3>\t\t\t\t\n\t\t\t\t\t<div class=\"contact-team\">\n\t\t\t\t\t\t\t\t\t\t\t\t\t<span style=\"background-image:url('https:\/\/bike.travelblox.eu\/wp-content\/uploads\/sites\/118\/2024\/10\/Van-Dam-150x150-1.jpg');\"><\/span>\n\t\t\t\t\t\t\t\t\t\t\t<\/div>\n\t\t\t\t\t\t\t\t<p><a href=\"mailto:info@thebiketrophy.com\" target=\"_blank\" rel=\"noopener\">info@thebiketrophy.com<\/a><\/p>\n\t\t\t\t\t\t\t<\/div>\n\t\t<\/div>\n\t<\/div>\n\n\n\n\n<div class=\"tb-instagramroll tb-block align-center background-light pattern-none variant-none tb-collapsible-margins\" id=\"instagramroll\">\n\n\t\n\t<div class=\"inner-block tb-fade-in tb-fade-in--subtle\">\n\t\t<div class=\"text-part\">\n\t\t\t<h2>D\u00e9couvrez The Bike Trophy<\/h2>\n\t\t<\/div>\n\t\t\t\t\t<div class=\"embedsocial-hashtag\" data-ref=\"f0f75dd4a45a920f1cdb6d82c110315b6d36563b\"><\/div> <script> (function(d, s, id) { var js; if (d.getElementById(id)) {return;} js = d.createElement(s); js.id = id; js.src = \"https:\/\/embedsocial.com\/cdn\/ht.js\"; d.getElementsByTagName(\"head\")[0].appendChild(js); }(document, \"script\", \"EmbedSocialHashtagScript\")); <\/script>\n\t\t\t<\/div>\n\t\n<\/div>","protected":false},"excerpt":{"rendered":"","protected":false},"author":80,"featured_media":707,"parent":0,"menu_order":0,"comment_status":"closed","ping_status":"closed","template":"","meta":{"_acf_changed":false,"inline_featured_image":false,"footnotes":""},"class_list":["post-720","page","type-page","status-publish","has-post-thumbnail","hentry"],"acf":{"page_package_ids":"","is_main_package_page":false,"additional_linked_packages":[],"feed_page_to_atlas":true},"_links":{"self":[{"href":"https:\/\/bike.travelblox.eu\/fr\/wp-json\/wp\/v2\/pages\/720","targetHints":{"allow":["GET"]}}],"collection":[{"href":"https:\/\/bike.travelblox.eu\/fr\/wp-json\/wp\/v2\/pages"}],"about":[{"href":"https:\/\/bike.travelblox.eu\/fr\/wp-json\/wp\/v2\/types\/page"}],"author":[{"embeddable":true,"href":"https:\/\/bike.travelblox.eu\/fr\/wp-json\/wp\/v2\/users\/80"}],"replies":[{"embeddable":true,"href":"https:\/\/bike.travelblox.eu\/fr\/wp-json\/wp\/v2\/comments?post=720"}],"version-history":[{"count":27,"href":"https:\/\/bike.travelblox.eu\/fr\/wp-json\/wp\/v2\/pages\/720\/revisions"}],"predecessor-version":[{"id":975,"href":"https:\/\/bike.travelblox.eu\/fr\/wp-json\/wp\/v2\/pages\/720\/revisions\/975"}],"wp:featuredmedia":[{"embeddable":true,"href":"https:\/\/bike.travelblox.eu\/fr\/wp-json\/wp\/v2\/media\/707"}],"wp:attachment":[{"href":"https:\/\/bike.travelblox.eu\/fr\/wp-json\/wp\/v2\/media?parent=720"}],"curies":[{"name":"wp","href":"https:\/\/api.w.org\/{rel}","templated":true}]}}